{"id":2052,"date":"2024-04-29T18:05:28","date_gmt":"2024-04-29T22:05:28","guid":{"rendered":"https:\/\/industriasclaudette.com\/?page_id=2052"},"modified":"2024-05-04T16:30:15","modified_gmt":"2024-05-04T20:30:15","slug":"industria-grafica","status":"publish","type":"page","link":"https:\/\/industriasclaudette.com\/es\/industria-grafica\/","title":{"rendered":"Industria grafica"},"content":{"rendered":"<section id=\"bt_bb_section69e1478c25ebf\" class=\"bt_bb_section bt_bb_color_scheme_11 bt_bb_layout_boxed_1200 bt_bb_vertical_align_top bt_bb_background_overlay_dark_solid bt_bb_top_spacing_extra_large bt_bb_bottom_spacing_large bt-dark-skin\" style=\"; --section-primary-color:#ffffff; --section-secondary-color:#0454a4;\" data-bt-override-class=\"null\"><div class=\"bt_bb_background_image_holder_wrapper\"><div class=\"bt_bb_background_image_holder btLazyLoadBackground\"  data-background_image_src=\"https:\/\/industriasclaudette.com\/wp-content\/uploads\/2020\/10\/post_16.jpg\" data-parallax-zoom-start=\"1\" data-parallax-zoom-end=\"1\" data-parallax-blur-start=\"0\" data-parallax-blur-end=\"0\" data-parallax-opacity-start=\"1\" data-parallax-opacity-end=\"1\" style=\" background-image: url(&#039;https:\/\/industriasclaudette.com\/wp-content\/plugins\/bold-page-builder\/img\/blank.gif&#039;);\"><\/div><\/div><div class=\"bt_bb_port\"><div class=\"bt_bb_cell\"><div class=\"bt_bb_cell_inner\"><div class=\"bt_bb_row_wrapper\"><div  class=\"bt_bb_row\"  data-bt-override-class=\"{}\"><div  class=\"bt_bb_column col-xxl-6 col-xl-6 bt_bb_vertical_align_top bt_bb_align_left bt_bb_padding_normal bt_bb_animation_fade_in bt_bb_animation_zoom_out animate\"  data-width=\"6\" data-bt-override-class=\"{}\"><div class=\"bt_bb_column_content\"><div class=\"bt_bb_column_content_inner\"><header data-bb-version=\"4.9.1\" class=\"bt_bb_headline bt_bb_dash_top bt_bb_superheadline bt_bb_subheadline bt_bb_size_extralarge bt_bb_align_inherit\" data-bt-override-class=\"{&quot;bt_bb_size_&quot;:{&quot;current_class&quot;:&quot;bt_bb_size_extralarge&quot;,&quot;xxl&quot;:&quot;extralarge&quot;},&quot;bt_bb_align_&quot;:{&quot;current_class&quot;:&quot;bt_bb_align_inherit&quot;,&quot;xxl&quot;:&quot;inherit&quot;}}\"><h1><span class=\"bt_bb_headline_superheadline\"><span>Understanding your needs<\/span><\/span><span class=\"bt_bb_headline_content\"><span>Indistria Gr\u00e1fica<span class=\"bt_bb_outline_text bt_bb_outline_text_align_left bt_bb_outline_text_size_300\"><span>Amwerk<\/span><\/span><\/span><\/span><\/h1><div class=\"bt_bb_headline_subheadline\">Continually reintermediate integrated processes through technically sound intellectual capital. Holistically foster superior methodologies without market-driven best practices.<\/div><\/header><div class=\"bt_bb_separator bt_bb_border_style_none bt_bb_bottom_spacing_60\" data-bt-override-class=\"null\"><\/div><\/div><\/div><\/div><div  class=\"bt_bb_column col-xxl-6 col-xl-6 bt_bb_vertical_align_top bt_bb_align_right bt_bb_padding_40 bt_bb_animation_fade_in bt_bb_animation_zoom_out animate\"  data-width=\"6\" data-bt-override-class=\"{}\"><div class=\"bt_bb_column_content\"><div class=\"bt_bb_column_content_inner\"><\/div><\/div><\/div><\/div><\/div><\/div><!-- cell_inner --><\/div><!-- cell --><\/div><!-- port --><\/section><section id=\"bt_bb_section69e1478c26342\" class=\"bt_bb_section bt_bb_layout_boxed_1200 bt_bb_top_spacing_55 bt_bb_bottom_spacing_15\" style=\";background-color:rgb(4,84,164);\" data-bt-override-class=\"{&quot;bt_bb_top_spacing_&quot;:{&quot;current_class&quot;:&quot;bt_bb_top_spacing_55&quot;,&quot;xxl&quot;:&quot;55&quot;},&quot;bt_bb_bottom_spacing_&quot;:{&quot;current_class&quot;:&quot;bt_bb_bottom_spacing_15&quot;,&quot;xxl&quot;:&quot;15&quot;}}\"><div class=\"bt_bb_port\"><div class=\"bt_bb_cell\"><div class=\"bt_bb_cell_inner\"><div class=\"bt_bb_row_wrapper\"><div  class=\"bt_bb_row\"  data-bt-override-class=\"{}\"><div  class=\"bt_bb_column col-xxl-6 col-xl-6 bt_bb_vertical_align_top bt_bb_align_left bt_bb_padding_normal bt_bb_animation_fade_in bt_bb_animation_zoom_out animate\"  data-width=\"6\" data-bt-override-class=\"{}\"><div class=\"bt_bb_column_content\"><div class=\"bt_bb_column_content_inner\"><header class=\"bt_bb_headline bt_bb_color_scheme_6 bt_bb_dash_bottom bt_bb_superheadline bt_bb_size_extralarge bt_bb_align_inherit\" style=\"; --headline-primary-color:#ffffff; --headline-secondary-color:#f49742;\" data-bt-override-class=\"null\"><h1><span class=\"bt_bb_headline_superheadline\"><span>Industria Gr\u00e1fica<\/span><\/span><span class=\"bt_bb_headline_content\"><span>Nuestros productos <\/span><\/span><\/h1><\/header><div class=\"bt_bb_separator bt_bb_border_style_none bt_bb_bottom_spacing_60\" data-bt-override-class=\"null\"><\/div><\/div><\/div><\/div><div  class=\"bt_bb_column col-xxl-6 col-xl-6 bt_bb_vertical_align_top bt_bb_align_right bt_bb_padding_40 bt_bb_animation_fade_in bt_bb_animation_zoom_out animate\"  data-width=\"6\" data-bt-override-class=\"{}\"><div class=\"bt_bb_column_content\"><div class=\"bt_bb_column_content_inner\"><div data-bb-version=\"4.9.1\" class=\"bt_bb_separator\" data-bt-override-class=\"null\"><\/div><\/div><\/div><\/div><\/div><\/div><\/div><!-- cell_inner --><\/div><!-- cell --><\/div><!-- port --><\/section><section data-bb-version=\"4.9.1\" id=\"bt_bb_section69e1478c26726\" class=\"bt_bb_section bt_bb_layout_boxed_1500 bt_bb_vertical_align_top bt_bb_top_spacing_45 bt_bb_bottom_spacing_80 bt_bb_negative_margin_\" style=\";background-color:#f1f1f1;\" data-bt-override-class=\"{&quot;bt_bb_top_spacing_&quot;:{&quot;current_class&quot;:&quot;bt_bb_top_spacing_45&quot;,&quot;xxl&quot;:&quot;45&quot;},&quot;bt_bb_bottom_spacing_&quot;:{&quot;current_class&quot;:&quot;bt_bb_bottom_spacing_80&quot;,&quot;xxl&quot;:&quot;80&quot;},&quot;bt_bb_negative_margin_&quot;:{&quot;current_class&quot;:&quot;bt_bb_negative_margin_&quot;,&quot;xxl&quot;:&quot;&quot;}}\"><div class=\"bt_bb_port\"><div class=\"bt_bb_cell\"><div class=\"bt_bb_cell_inner\"><div class=\"bt_bb_row_wrapper\"><div  class=\"bt_bb_row bt_bb_column_gap_10\" style=\"margin-top: -20px;\" data-bt-override-class=\"{}\"><div  class=\"bt_bb_column col-xxl-3 col-xl-3 col-xs-12 col-sm-6 col-md-6 col-lg-3 bt_bb_vertical_align_top bt_bb_align_left bt_bb_padding_text_indent bt_bb_animation_fade_in bt_bb_animation_zoom_out animate\" style=\"margin-bottom: 20px;\" data-width=\"3\" data-bt-override-class=\"{}\"><div class=\"bt_bb_column_content\" style=\"background-color:rgba(255, 255, 255, 1);\"><div class=\"bt_bb_column_content_inner\"><div class=\"bt_bb_image bt_bb_shape_square bt_bb_align_inherit bt_bb_hover_style_zoom-in bt_bb_content_display_always bt_bb_content_align_bottom bt_bb_remove_padding_yes bt_bb_fill_background_color_full\" data-bt-override-class=\"null\"><a href=\"#\"  target=\"_self\" title=\"ACEITE-LINAZA2\"><img src = \"https:\/\/industriasclaudette.com\/wp-content\/plugins\/bold-page-builder\/img\/blank.gif\" data-full_image_src=\"https:\/\/industriasclaudette.com\/wp-content\/uploads\/2024\/04\/ACEITE-LINAZA2.jpeg\" data-image_src=\"https:\/\/industriasclaudette.com\/wp-content\/uploads\/2024\/04\/ACEITE-LINAZA2.jpeg\" title=\"ACEITE-LINAZA2\" alt=\"https:\/\/industriasclaudette.com\/wp-content\/uploads\/2024\/04\/ACEITE-LINAZA2.jpeg\" class=\"btLazyLoadImage\"><\/a><\/div><header class=\"bt_bb_headline bt_bb_dash_none bt_bb_subheadline bt_bb_size_small bt_bb_align_inherit\" data-bt-override-class=\"null\"><h4><span class=\"bt_bb_headline_content\"><span>ACEITE DE LINAZA<\/span><\/span><\/h4><div class=\"bt_bb_headline_subheadline\">Aceite secante refinado utilizado en pinturas, barnices, \u00f3leo, tintas de imprentas y otras aplicaciones similares. Tiene la propiedad de oscurecerse, espesarse y endurecerse al exponerse al aire.<\/div><\/header><div data-bb-version=\"4.9.1\"  class=\"bt_bb_text\" ><p><strong>Disponible en:<\/strong><br \/>\n24 unid\/12oz fl (350 ml)<br \/>\n12 unid\/25oz fl (700 ml)<br \/>\n4 unid\/1gl<\/p>\n<\/div><div class=\"bt_bb_separator bt_bb_border_style_none bt_bb_top_spacing_70 bt_bb_bottom_spacing_120\" data-bt-override-class=\"{&quot;bt_bb_top_spacing_&quot;:{&quot;current_class&quot;:&quot;bt_bb_top_spacing_70&quot;,&quot;xxl&quot;:&quot;70&quot;},&quot;bt_bb_bottom_spacing_&quot;:{&quot;current_class&quot;:&quot;bt_bb_bottom_spacing_120&quot;,&quot;xxl&quot;:&quot;120&quot;}}\"><\/div><\/div><\/div><\/div><div  class=\"bt_bb_column col-xxl-3 col-xl-3 col-xs-12 col-sm-6 col-md-6 col-lg-3 bt_bb_vertical_align_top bt_bb_align_left bt_bb_padding_text_indent bt_bb_animation_fade_in bt_bb_animation_zoom_out animate\" style=\"margin-bottom: 20px;\" data-width=\"3\" data-bt-override-class=\"{}\"><div class=\"bt_bb_column_content\" style=\"background-color:rgba(255, 255, 255, 1);\"><div class=\"bt_bb_column_content_inner\"><div data-bb-version=\"4.9.1\" class=\"bt_bb_image bt_bb_shape_square bt_bb_align_inherit bt_bb_hover_style_zoom-in bt_bb_content_display_always bt_bb_content_align_bottom bt_bb_remove_padding_yes bt_bb_fill_background_color_full\" data-bt-override-class=\"{&quot;bt_bb_align_&quot;:{&quot;current_class&quot;:&quot;bt_bb_align_inherit&quot;,&quot;xxl&quot;:&quot;inherit&quot;}}\"><a href=\"#\"  target=\"_self\" title=\"HAND-CLEANER2\"><img src = \"https:\/\/industriasclaudette.com\/wp-content\/plugins\/bold-page-builder\/img\/blank.gif\" data-full_image_src=\"https:\/\/industriasclaudette.com\/wp-content\/uploads\/2024\/04\/HAND-CLEANER2-1.jpeg\" data-image_src=\"https:\/\/industriasclaudette.com\/wp-content\/uploads\/2024\/04\/HAND-CLEANER2-1.jpeg\" title=\"HAND-CLEANER2\" alt=\"https:\/\/industriasclaudette.com\/wp-content\/uploads\/2024\/04\/HAND-CLEANER2-1.jpeg\" class=\"btLazyLoadImage\"><\/a><\/div><header class=\"bt_bb_headline bt_bb_dash_none bt_bb_subheadline bt_bb_size_small bt_bb_align_inherit\" data-bt-override-class=\"null\"><h4><span class=\"bt_bb_headline_content\"><span>HAND CLEANER GREASE-OFF\u00ae<\/span><\/span><\/h4><div class=\"bt_bb_headline_subheadline\">Jab\u00f3n desgrasante industrial para manos. No requiere agua.<br \/>\r\nContiene extractos naturales de naranja y piedra p\u00f3mez. Esta combinaci\u00f3n ofrece una avanzada f\u00f3rmula limpiadora que remueve los sucios mas dif\u00edciles al mismo tiempo que protege la piel con emolientes y humectantes especiales.<\/div><\/header><div data-bb-version=\"4.9.1\"  class=\"bt_bb_text\" ><ul>\n<li>Remueve f\u00e1cilmente grasa, aceite, brea, tinta, adhesivo, sucio y otras manchas pesadas<\/li>\n<li>Alto poder citrico-pomez<\/li>\n<li>Contiene humectantes y emolientes<\/li>\n<li>Fresco aroma c\u00edtrico<\/li>\n<\/ul>\n<p><strong>Disponible en:<\/strong><br \/>\n12 unid\/ 32oz<\/p>\n<\/div><div class=\"bt_bb_separator bt_bb_border_style_none bt_bb_top_spacing_5 bt_bb_bottom_spacing_5\" data-bt-override-class=\"{&quot;bt_bb_top_spacing_&quot;:{&quot;current_class&quot;:&quot;bt_bb_top_spacing_5&quot;,&quot;xxl&quot;:&quot;5&quot;},&quot;bt_bb_bottom_spacing_&quot;:{&quot;current_class&quot;:&quot;bt_bb_bottom_spacing_5&quot;,&quot;xxl&quot;:&quot;5&quot;}}\"><\/div><\/div><\/div><\/div><div  class=\"bt_bb_column col-xxl-3 col-xl-3 col-xs-12 col-sm-6 col-md-6 col-lg-3 bt_bb_vertical_align_top bt_bb_align_center bt_bb_padding_text_indent bt_bb_animation_fade_in bt_bb_animation_zoom_out animate\" style=\"margin-bottom: 20px;\" data-width=\"3\" data-bt-override-class=\"{&quot;bt_bb_align_&quot;:{&quot;current_class&quot;:&quot;bt_bb_align_center&quot;,&quot;xxl&quot;:&quot;center&quot;}}\"><div class=\"bt_bb_column_content\" style=\"background-color:rgba(255, 255, 255, 1);\"><div class=\"bt_bb_column_content_inner\"><div data-bb-version=\"4.9.1\" class=\"bt_bb_image bt_bb_shape_square bt_bb_align_inherit bt_bb_hover_style_zoom-in bt_bb_content_display_always bt_bb_content_align_bottom bt_bb_remove_padding_yes bt_bb_fill_background_color_full\" data-bt-override-class=\"{&quot;bt_bb_align_&quot;:{&quot;current_class&quot;:&quot;bt_bb_align_inherit&quot;,&quot;xxl&quot;:&quot;inherit&quot;}}\"><a href=\"#\"  target=\"_self\" title=\"SOLVENTE-CYREL1\"><img src = \"https:\/\/industriasclaudette.com\/wp-content\/plugins\/bold-page-builder\/img\/blank.gif\" data-full_image_src=\"https:\/\/industriasclaudette.com\/wp-content\/uploads\/2024\/04\/SOLVENTE-CYREL1.jpeg\" data-image_src=\"https:\/\/industriasclaudette.com\/wp-content\/uploads\/2024\/04\/SOLVENTE-CYREL1-320x320.jpeg\" title=\"SOLVENTE-CYREL1\" alt=\"https:\/\/industriasclaudette.com\/wp-content\/uploads\/2024\/04\/SOLVENTE-CYREL1-320x320.jpeg\" class=\"btLazyLoadImage\"><\/a><\/div><header data-bb-version=\"4.9.1\" class=\"bt_bb_headline bt_bb_dash_none bt_bb_subheadline bt_bb_size_small bt_bb_align_left\" data-bt-override-class=\"{&quot;bt_bb_size_&quot;:{&quot;current_class&quot;:&quot;bt_bb_size_small&quot;,&quot;xxl&quot;:&quot;small&quot;},&quot;bt_bb_align_&quot;:{&quot;current_class&quot;:&quot;bt_bb_align_left&quot;,&quot;xxl&quot;:&quot;left&quot;}}\"><h4><span class=\"bt_bb_headline_content\"><span>SOLVENTE CYREL<\/span><\/span><\/h4><div class=\"bt_bb_headline_subheadline\">Mezcla de solventes especialmente formulada para la diluir barnices, tintes y pinturas de poliuretano.<br \/>\r\n<br \/>\r\n<\/div><\/header><div data-bb-version=\"4.9.1\"  class=\"bt_bb_text\" ><p style=\"text-align: left;\"><strong>Disponible en:<\/strong><br \/>\n4 unid\/1gl<br \/>\n1 unid\/55gl<\/p>\n<\/div><div class=\"bt_bb_separator bt_bb_border_style_none bt_bb_top_spacing_140 bt_bb_bottom_spacing_110\" data-bt-override-class=\"{&quot;bt_bb_top_spacing_&quot;:{&quot;current_class&quot;:&quot;bt_bb_top_spacing_140&quot;,&quot;xxl&quot;:&quot;140&quot;},&quot;bt_bb_bottom_spacing_&quot;:{&quot;current_class&quot;:&quot;bt_bb_bottom_spacing_110&quot;,&quot;xxl&quot;:&quot;110&quot;}}\"><\/div><\/div><\/div><\/div><div  class=\"bt_bb_column col-xxl-3 col-xl-3 col-xs-12 col-sm-6 col-md-6 col-lg-3 bt_bb_vertical_align_top bt_bb_align_left bt_bb_padding_text_indent bt_bb_animation_fade_in bt_bb_animation_zoom_out animate\" style=\"margin-bottom: 20px;\" data-width=\"3\" data-bt-override-class=\"{}\"><div class=\"bt_bb_column_content\" style=\"background-color:rgba(255, 255, 255, 1);\"><div class=\"bt_bb_column_content_inner\"><div data-bb-version=\"4.9.1\" class=\"bt_bb_image bt_bb_shape_square bt_bb_align_inherit bt_bb_hover_style_zoom-in bt_bb_content_display_always bt_bb_content_align_bottom bt_bb_remove_padding_yes bt_bb_fill_background_color_full\" data-bt-override-class=\"{&quot;bt_bb_align_&quot;:{&quot;current_class&quot;:&quot;bt_bb_align_inherit&quot;,&quot;xxl&quot;:&quot;inherit&quot;}}\"><a href=\"#\"  target=\"_self\" title=\"ALCOHOL-ISOPROPILICO1\"><img src = \"https:\/\/industriasclaudette.com\/wp-content\/plugins\/bold-page-builder\/img\/blank.gif\" data-full_image_src=\"https:\/\/industriasclaudette.com\/wp-content\/uploads\/2024\/04\/ALCOHOL-ISOPROPILICO1.jpeg\" data-image_src=\"https:\/\/industriasclaudette.com\/wp-content\/uploads\/2024\/04\/ALCOHOL-ISOPROPILICO1.jpeg\" title=\"ALCOHOL-ISOPROPILICO1\" alt=\"https:\/\/industriasclaudette.com\/wp-content\/uploads\/2024\/04\/ALCOHOL-ISOPROPILICO1.jpeg\" class=\"btLazyLoadImage\"><\/a><\/div><header data-bb-version=\"4.9.1\" class=\"bt_bb_headline bt_bb_dash_none bt_bb_subheadline bt_bb_size_small bt_bb_align_inherit\" data-bt-override-class=\"{&quot;bt_bb_size_&quot;:{&quot;current_class&quot;:&quot;bt_bb_size_small&quot;,&quot;xxl&quot;:&quot;small&quot;},&quot;bt_bb_align_&quot;:{&quot;current_class&quot;:&quot;bt_bb_align_inherit&quot;,&quot;xxl&quot;:&quot;inherit&quot;}}\"><h4><span class=\"bt_bb_headline_content\"><span>ALCOHOL ISOPROP\u00cdLICO 99%<\/span><\/span><\/h4><div class=\"bt_bb_headline_subheadline\">Diluyente de tintas y soluci\u00f3n de limpieza.<br \/>\r\n<br \/>\r\n<\/div><\/header><div class=\"bt_bb_separator bt_bb_border_style_none bt_bb_top_spacing_none bt_bb_bottom_spacing_5\" data-bt-override-class=\"{&quot;bt_bb_top_spacing_&quot;:{&quot;current_class&quot;:&quot;bt_bb_top_spacing_none&quot;,&quot;xxl&quot;:&quot;none&quot;},&quot;bt_bb_bottom_spacing_&quot;:{&quot;current_class&quot;:&quot;bt_bb_bottom_spacing_5&quot;,&quot;xxl&quot;:&quot;5&quot;}}\"><\/div><div data-bb-version=\"4.9.1\"  class=\"bt_bb_text\" ><p><strong>Disponible en:<\/strong><br \/>\n4 unid\/1gl<br \/>\n1 unid\/55gl<\/p>\n<\/div><div class=\"bt_bb_separator bt_bb_border_style_none bt_bb_top_spacing_120 bt_bb_bottom_spacing_140\" data-bt-override-class=\"{&quot;bt_bb_top_spacing_&quot;:{&quot;current_class&quot;:&quot;bt_bb_top_spacing_120&quot;,&quot;xxl&quot;:&quot;120&quot;},&quot;bt_bb_bottom_spacing_&quot;:{&quot;current_class&quot;:&quot;bt_bb_bottom_spacing_140&quot;,&quot;xxl&quot;:&quot;140&quot;}}\"><\/div><\/div><\/div><\/div><\/div><\/div><\/div><!-- cell_inner --><\/div><!-- cell --><\/div><!-- port --><\/section><section data-bb-version=\"4.9.1\" id=\"bt_bb_section69e1478c28062\" class=\"bt_bb_section bt_bb_layout_boxed_1500 bt_bb_vertical_align_top bt_bb_top_spacing_45 bt_bb_bottom_spacing_80 bt_bb_negative_margin_\" style=\";background-color:#f1f1f1;\" data-bt-override-class=\"{&quot;bt_bb_top_spacing_&quot;:{&quot;current_class&quot;:&quot;bt_bb_top_spacing_45&quot;,&quot;xxl&quot;:&quot;45&quot;},&quot;bt_bb_bottom_spacing_&quot;:{&quot;current_class&quot;:&quot;bt_bb_bottom_spacing_80&quot;,&quot;xxl&quot;:&quot;80&quot;},&quot;bt_bb_negative_margin_&quot;:{&quot;current_class&quot;:&quot;bt_bb_negative_margin_&quot;,&quot;xxl&quot;:&quot;&quot;}}\"><div class=\"bt_bb_port\"><div class=\"bt_bb_cell\"><div class=\"bt_bb_cell_inner\"><div class=\"bt_bb_row_wrapper\"><div  class=\"bt_bb_row bt_bb_column_gap_10\" style=\"margin-top: -20px;\" data-bt-override-class=\"{}\"><div  class=\"bt_bb_column col-xxl-3 col-xl-3 col-xs-12 col-sm-6 col-md-6 col-lg-3 bt_bb_vertical_align_top bt_bb_align_left bt_bb_padding_text_indent bt_bb_animation_fade_in bt_bb_animation_zoom_out animate\" style=\"margin-bottom: 20px;\" data-width=\"3\" data-bt-override-class=\"{}\"><div class=\"bt_bb_column_content\" style=\"background-color:rgba(255, 255, 255, 1);\"><div class=\"bt_bb_column_content_inner\"><div data-bb-version=\"4.9.1\" class=\"bt_bb_image bt_bb_shape_square bt_bb_align_inherit bt_bb_hover_style_zoom-in bt_bb_content_display_always bt_bb_content_align_bottom bt_bb_remove_padding_yes bt_bb_fill_background_color_full\" data-bt-override-class=\"{&quot;bt_bb_align_&quot;:{&quot;current_class&quot;:&quot;bt_bb_align_inherit&quot;,&quot;xxl&quot;:&quot;inherit&quot;}}\"><a href=\"#\"  target=\"_self\" title=\"LIMPIADOR-DE-ROLOS1\"><img src = \"https:\/\/industriasclaudette.com\/wp-content\/plugins\/bold-page-builder\/img\/blank.gif\" data-full_image_src=\"https:\/\/industriasclaudette.com\/wp-content\/uploads\/2024\/04\/LIMPIADOR-DE-ROLOS1.jpeg\" data-image_src=\"https:\/\/industriasclaudette.com\/wp-content\/uploads\/2024\/04\/LIMPIADOR-DE-ROLOS1.jpeg\" title=\"LIMPIADOR-DE-ROLOS1\" alt=\"https:\/\/industriasclaudette.com\/wp-content\/uploads\/2024\/04\/LIMPIADOR-DE-ROLOS1.jpeg\" class=\"btLazyLoadImage\"><\/a><\/div><header data-bb-version=\"4.9.1\" class=\"bt_bb_headline bt_bb_dash_none bt_bb_subheadline bt_bb_size_small bt_bb_align_inherit\" data-bt-override-class=\"{&quot;bt_bb_size_&quot;:{&quot;current_class&quot;:&quot;bt_bb_size_small&quot;,&quot;xxl&quot;:&quot;small&quot;},&quot;bt_bb_align_&quot;:{&quot;current_class&quot;:&quot;bt_bb_align_inherit&quot;,&quot;xxl&quot;:&quot;inherit&quot;}}\"><h4><span class=\"bt_bb_headline_content\"><span>LIMPIADOR DE ROLOS Y MANTILLAS \u201cVANKROLA\u201d<\/span><\/span><\/h4><div class=\"bt_bb_headline_subheadline\">Mezcla de solventes de diferentes rangos de evaporaci\u00f3n utilizada en la limpieza de rolos y mantillas en las m\u00e1quinas de impresi\u00f3n.<br \/>\r\n<\/div><\/header><div data-bb-version=\"4.9.1\"  class=\"bt_bb_text\" ><p><strong>Disponible en:<\/strong><br \/>\n4 unid\/1gl<br \/>\n1 unid\/55gl<\/p>\n<\/div><div class=\"bt_bb_separator bt_bb_border_style_none bt_bb_top_spacing_70 bt_bb_bottom_spacing_120\" data-bt-override-class=\"{&quot;bt_bb_top_spacing_&quot;:{&quot;current_class&quot;:&quot;bt_bb_top_spacing_70&quot;,&quot;xxl&quot;:&quot;70&quot;},&quot;bt_bb_bottom_spacing_&quot;:{&quot;current_class&quot;:&quot;bt_bb_bottom_spacing_120&quot;,&quot;xxl&quot;:&quot;120&quot;}}\"><\/div><\/div><\/div><\/div><div  class=\"bt_bb_column col-xxl-3 col-xl-3 col-xs-12 col-sm-6 col-md-6 col-lg-3 bt_bb_vertical_align_top bt_bb_align_left bt_bb_padding_text_indent bt_bb_animation_fade_in bt_bb_animation_zoom_out animate\" style=\"margin-bottom: 20px;\" data-width=\"3\" data-bt-override-class=\"{}\"><div class=\"bt_bb_column_content\" style=\"background-color:rgba(255, 255, 255, 1);\"><div class=\"bt_bb_column_content_inner\"><\/div><\/div><\/div><div  class=\"bt_bb_column col-xxl-3 col-xl-3 col-xs-12 col-sm-6 col-md-6 col-lg-3 bt_bb_vertical_align_top bt_bb_align_center bt_bb_padding_text_indent bt_bb_animation_fade_in bt_bb_animation_zoom_out animate\" style=\"margin-bottom: 20px;\" data-width=\"3\" data-bt-override-class=\"{&quot;bt_bb_align_&quot;:{&quot;current_class&quot;:&quot;bt_bb_align_center&quot;,&quot;xxl&quot;:&quot;center&quot;}}\"><div class=\"bt_bb_column_content\" style=\"background-color:rgba(255, 255, 255, 1);\"><div class=\"bt_bb_column_content_inner\"><\/div><\/div><\/div><div  class=\"bt_bb_column col-xxl-3 col-xl-3 col-xs-12 col-sm-6 col-md-6 col-lg-3 bt_bb_vertical_align_top bt_bb_align_left bt_bb_padding_text_indent bt_bb_animation_fade_in bt_bb_animation_zoom_out animate\" style=\"margin-bottom: 20px;\" data-width=\"3\" data-bt-override-class=\"{}\"><div class=\"bt_bb_column_content\" style=\"background-color:rgba(255, 255, 255, 1);\"><div class=\"bt_bb_column_content_inner\"><\/div><\/div><\/div><\/div><\/div><\/div><!-- cell_inner --><\/div><!-- cell --><\/div><!-- port --><\/section>","protected":false},"excerpt":{"rendered":"<p>Quickly communicate enabled technology and turnkey leadership skills. Uniquely enable accurate supply chains rather than frictionless technology. Globally network focused materials vis-a-vis cost effective products.<\/p>","protected":false},"author":1,"featured_media":582,"parent":0,"menu_order":0,"comment_status":"closed","ping_status":"closed","template":"","meta":{"footnotes":""},"class_list":["post-2052","page","type-page","status-publish","has-post-thumbnail","hentry"],"_links":{"self":[{"href":"https:\/\/industriasclaudette.com\/es\/wp-json\/wp\/v2\/pages\/2052"}],"collection":[{"href":"https:\/\/industriasclaudette.com\/es\/wp-json\/wp\/v2\/pages"}],"about":[{"href":"https:\/\/industriasclaudette.com\/es\/wp-json\/wp\/v2\/types\/page"}],"author":[{"embeddable":true,"href":"https:\/\/industriasclaudette.com\/es\/wp-json\/wp\/v2\/users\/1"}],"replies":[{"embeddable":true,"href":"https:\/\/industriasclaudette.com\/es\/wp-json\/wp\/v2\/comments?post=2052"}],"version-history":[{"count":9,"href":"https:\/\/industriasclaudette.com\/es\/wp-json\/wp\/v2\/pages\/2052\/revisions"}],"predecessor-version":[{"id":2616,"href":"https:\/\/industriasclaudette.com\/es\/wp-json\/wp\/v2\/pages\/2052\/revisions\/2616"}],"wp:featuredmedia":[{"embeddable":true,"href":"https:\/\/industriasclaudette.com\/es\/wp-json\/wp\/v2\/media\/582"}],"wp:attachment":[{"href":"https:\/\/industriasclaudette.com\/es\/wp-json\/wp\/v2\/media?parent=2052"}],"curies":[{"name":"wp","href":"https:\/\/api.w.org\/{rel}","templated":true}]}}