{"id":2735,"date":"2024-05-10T13:36:07","date_gmt":"2024-05-10T17:36:07","guid":{"rendered":"https:\/\/industriasclaudette.com\/?page_id=2735"},"modified":"2024-05-25T21:23:56","modified_gmt":"2024-05-26T01:23:56","slug":"comunicate-con-nosotros","status":"publish","type":"page","link":"https:\/\/industriasclaudette.com\/es\/comunicate-con-nosotros\/","title":{"rendered":"Comunicate con nosotros"},"content":{"rendered":"<section data-bb-version=\"4.9.1\" id=\"bt_bb_section69dc2be060021\" class=\"bt_bb_section bt_bb_color_scheme_11 bt_bb_layout_boxed_1200 bt_bb_vertical_align_top bt_bb_background_overlay_alternate_solid bt_bb_top_spacing_extra_large bt_bb_bottom_spacing_large bt_bb_negative_margin_ bt-dark-skin\" style=\"; --section-primary-color:#ffffff; --section-secondary-color:#0454a4;\" data-bt-override-class=\"{&quot;bt_bb_top_spacing_&quot;:{&quot;current_class&quot;:&quot;bt_bb_top_spacing_extra_large&quot;,&quot;xxl&quot;:&quot;extra_large&quot;},&quot;bt_bb_bottom_spacing_&quot;:{&quot;current_class&quot;:&quot;bt_bb_bottom_spacing_large&quot;,&quot;xxl&quot;:&quot;large&quot;},&quot;bt_bb_negative_margin_&quot;:{&quot;current_class&quot;:&quot;bt_bb_negative_margin_&quot;,&quot;xxl&quot;:&quot;&quot;}}\"><div class=\"bt_bb_background_image_holder_wrapper\"><div class=\"bt_bb_background_image_holder btLazyLoadBackground\"  data-background_image_src=\"https:\/\/industriasclaudette.com\/wp-content\/uploads\/2024\/05\/IMG_1410-scaled.jpg\" data-parallax-zoom-start=\"1\" data-parallax-zoom-end=\"1\" data-parallax-blur-start=\"0\" data-parallax-blur-end=\"0\" data-parallax-opacity-start=\"1\" data-parallax-opacity-end=\"1\" style=\" background-image: url(&#039;https:\/\/industriasclaudette.com\/wp-content\/plugins\/bold-page-builder\/img\/blank.gif&#039;);\"><\/div><\/div><div class=\"bt_bb_port\"><div class=\"bt_bb_cell\"><div class=\"bt_bb_cell_inner\"><div class=\"bt_bb_row_wrapper\"><div  class=\"bt_bb_row\"  data-bt-override-class=\"{}\"><div  class=\"bt_bb_column col-xxl-6 col-xl-6 bt_bb_vertical_align_top bt_bb_align_left bt_bb_padding_normal bt_bb_animation_fade_in bt_bb_animation_zoom_out animate\"  data-width=\"6\" data-bt-override-class=\"{}\"><div class=\"bt_bb_column_content\"><div class=\"bt_bb_column_content_inner\"><header data-bb-version=\"4.9.1\" class=\"bt_bb_headline bt_bb_font_weight_700 bt_bb_color_scheme_4 bt_bb_dash_top bt_bb_superheadline bt_bb_subheadline bt_bb_size_huge bt_bb_align_inherit\" style=\"; --headline-primary-color:#f49742; --headline-secondary-color:#ffffff;\" data-bt-override-class=\"{&quot;bt_bb_size_&quot;:{&quot;current_class&quot;:&quot;bt_bb_size_huge&quot;,&quot;xxl&quot;:&quot;huge&quot;},&quot;bt_bb_align_&quot;:{&quot;current_class&quot;:&quot;bt_bb_align_inherit&quot;,&quot;xxl&quot;:&quot;inherit&quot;}}\"><div class=\"bt_bb_headline_superheadline_outside\"><span class=\"bt_bb_headline_superheadline\"><span>Industrias Claudette<\/span><\/span><\/div><h3><span class=\"bt_bb_headline_content\"><span>Contactos <span class=\"bt_bb_outline_text bt_bb_outline_text_align_left bt_bb_outline_text_size_200\"><span>Soluciones Qu\u00edmicas<\/span><\/span><\/span><\/span><\/h3><div class=\"bt_bb_headline_subheadline\">M\u00e1s de 30 a\u00f1os de expertise en la fabricaci\u00f3n de productos para mantenimiento de piscinas, limpieza dom\u00e9stica e industrial.<\/div><\/header><div class=\"bt_bb_separator bt_bb_border_style_none bt_bb_bottom_spacing_60\" data-bt-override-class=\"null\"><\/div><\/div><\/div><\/div><div  class=\"bt_bb_column col-xxl-6 col-xl-6 bt_bb_vertical_align_top bt_bb_align_right bt_bb_padding_40 bt_bb_animation_fade_in bt_bb_animation_zoom_out animate\"  data-width=\"6\" data-bt-override-class=\"{}\"><div class=\"bt_bb_column_content\"><div class=\"bt_bb_column_content_inner\"><\/div><\/div><\/div><\/div><\/div><\/div><!-- cell_inner --><\/div><!-- cell --><\/div><!-- port --><\/section><section data-bb-version=\"4.9.1\" id=\"bt_bb_section69dc2be0607ff\" class=\"bt_bb_section bt_bb_layout_wide bt_bb_vertical_align_top bt_bb_top_spacing_5 bt_bb_bottom_spacing_none bt_bb_negative_margin_\"  data-bt-override-class=\"{&quot;bt_bb_top_spacing_&quot;:{&quot;current_class&quot;:&quot;bt_bb_top_spacing_5&quot;,&quot;xxl&quot;:&quot;5&quot;},&quot;bt_bb_bottom_spacing_&quot;:{&quot;current_class&quot;:&quot;bt_bb_bottom_spacing_none&quot;,&quot;xxl&quot;:&quot;none&quot;},&quot;bt_bb_negative_margin_&quot;:{&quot;current_class&quot;:&quot;bt_bb_negative_margin_&quot;,&quot;xxl&quot;:&quot;&quot;}}\"><div class=\"bt_bb_port\"><div class=\"bt_bb_cell\"><div class=\"bt_bb_cell_inner\"><div data-bb-version=\"4.9.1\" class=\"bt_bb_row_wrapper\"><div  class=\"bt_bb_row bt_bb_column_gap_large\"  data-bt-override-class=\"{}\"><div  class=\"bt_bb_column col-xxl-12 col-xl-12 bt_bb_vertical_align_top bt_bb_align_left bt_bb_padding_normal bt_bb_animation_fade_in animate\"  data-width=\"12\" data-bt-override-class=\"{}\"><div class=\"bt_bb_column_content\"><div class=\"bt_bb_column_content_inner\"><div class=\"bt_bb_raw_content\">  <iframe src=\"https:\/\/www.google.com\/maps\/embed?pb=!1m14!1m8!1m3!1d15130.70835881592!2d-70.0251478!3d18.5434888!3m2!1i1024!2i768!4f13.1!3m3!1m2!1s0x8eaf8bcf08418f5d%3A0x67b4de7ed40649bc!2sIndustrias%20Claudette%20(Planta%20de%20Producci%C3%B3n)!5e0!3m2!1ses!2sdo!4v1716680199633!5m2!1ses!2sdo\" width=\"1500\" height=\"500\" style=\"border:0;\" allowfullscreen=\"\" loading=\"lazy\" referrerpolicy=\"no-referrer-when-downgrade\"><\/iframe><\/div><\/div><\/div><\/div><\/div><\/div><\/div><!-- cell_inner --><\/div><!-- cell --><\/div><!-- port --><\/section><section id=\"bt_bb_section69dc2be060d1b\" class=\"bt_bb_section bt_bb_color_scheme_11 bt_bb_layout_wide bt_bb_vertical_align_top\" style=\"; --section-primary-color:#ffffff; --section-secondary-color:#0454a4;\" data-bt-override-class=\"null\"><div class=\"bt_bb_port\"><div class=\"bt_bb_cell\"><div class=\"bt_bb_cell_inner\"><div class=\"bt_bb_row_wrapper bt_bb_row_width_boxed_1200\"><div  class=\"bt_bb_row\"  data-bt-override-class=\"{}\"><div  class=\"bt_bb_column col-xxl-4 col-xl-4 col-xs-12 col-sm-12 col-md-12 col-lg-4 bt_bb_vertical_align_top bt_bb_align_left bt_bb_padding_normal bt_bb_animation_fade_in bt_bb_animation_zoom_out animate\"  data-width=\"4\" data-bt-override-class=\"{}\"><div class=\"bt_bb_column_content\"><div class=\"bt_bb_column_content_inner\"><div class=\"bt_bb_icon bt_bb_color_scheme_6 bt_bb_style_filled bt_bb_size_normal bt_bb_shape_square bt_bb_target_self bt_bb_text_empty bt_bb_align_inherit bt_bb_vertical_position_half_above\" style=\"; --primary-color:#ffffff; --secondary-color:#f49742;\" data-bt-override-class=\"{}\"><span  data-ico-amwerk=\"&#xe9bd;\" class=\"bt_bb_icon_holder\"><\/span><\/div><div class=\"bt_bb_separator bt_bb_border_style_none bt_bb_bottom_spacing_35\" data-bt-override-class=\"null\"><\/div><header class=\"bt_bb_headline bt_bb_dash_none bt_bb_subheadline bt_bb_size_small bt_bb_align_inherit\" style=\"margin-left: 30px;\" data-bt-override-class=\"null\"><h4><span class=\"bt_bb_headline_content\"><span>INDUSTRIAS CLAUDETTE<\/span><\/span><\/h4><div class=\"bt_bb_headline_subheadline\">Km 22 Autopista Duarte, Batey Palamara, Santo Domingo.<\/div><\/header><div class=\"bt_bb_separator bt_bb_border_style_none bt_bb_bottom_spacing_35\" data-bt-override-class=\"null\"><\/div><div class=\"bt_bb_separator bt_bb_border_style_none bt_bb_bottom_spacing_35 bt_bb_hidden_md bt_bb_hidden_lg\" data-bt-override-class=\"null\"><\/div><\/div><\/div><\/div><div  class=\"bt_bb_column col-xxl-4 col-xl-4 col-xs-12 col-sm-12 col-md-12 col-lg-4 bt_bb_vertical_align_top bt_bb_align_left bt_bb_padding_normal bt_bb_animation_fade_in bt_bb_animation_zoom_out animate\"  data-width=\"4\" data-bt-override-class=\"{}\"><div class=\"bt_bb_column_content\"><div class=\"bt_bb_column_content_inner\"><div class=\"bt_bb_icon bt_bb_color_scheme_6 bt_bb_style_filled bt_bb_size_normal bt_bb_shape_square bt_bb_target_self bt_bb_text_empty bt_bb_align_inherit bt_bb_vertical_position_half_above\" style=\"; --primary-color:#ffffff; --secondary-color:#f49742;\" data-bt-override-class=\"{}\"><span  data-ico-amwerk=\"&#xe9b9;\" class=\"bt_bb_icon_holder\"><\/span><\/div><div class=\"bt_bb_separator bt_bb_border_style_none bt_bb_bottom_spacing_35\" data-bt-override-class=\"null\"><\/div><header class=\"bt_bb_headline bt_bb_dash_none bt_bb_subheadline bt_bb_size_extrasmall bt_bb_align_inherit\" style=\"margin-left: 30px;\" data-bt-override-class=\"{&quot;bt_bb_size_&quot;:{&quot;current_class&quot;:&quot;bt_bb_size_extrasmall&quot;,&quot;xxl&quot;:&quot;extrasmall&quot;}}\"><h4><span class=\"bt_bb_headline_content\"><span>Email<\/span><\/span><\/h4><div class=\"bt_bb_headline_subheadline\">Ventas Internacionales: nsocias@industriasclaudette.com<br \/>\r\n<br \/>\r\nVentas Locales: ventas@industriasclaudette.com<br \/>\r\n<br \/>\r\nRecursos Humanos: rhumanos@industriasclaudette.com<br \/>\r\n<br \/>\r\nServicio T\u00e9cnico: serviciotecnico@industriasclaudette.com<br \/>\r\n<br \/>\r\ninfo@industriasclaudette.com<\/div><\/header><div class=\"bt_bb_separator bt_bb_border_style_none bt_bb_bottom_spacing_35\" data-bt-override-class=\"null\"><\/div><div class=\"bt_bb_separator bt_bb_border_style_none bt_bb_bottom_spacing_35 bt_bb_hidden_md bt_bb_hidden_lg\" data-bt-override-class=\"null\"><\/div><\/div><\/div><\/div><div  class=\"bt_bb_column col-xxl-4 col-xl-4 col-xs-12 col-sm-12 col-md-12 col-lg-4 bt_bb_vertical_align_top bt_bb_align_left bt_bb_padding_normal bt_bb_animation_fade_in bt_bb_animation_zoom_out animate\"  data-width=\"4\" data-bt-override-class=\"{}\"><div class=\"bt_bb_column_content\"><div class=\"bt_bb_column_content_inner\"><div class=\"bt_bb_icon bt_bb_color_scheme_6 bt_bb_style_filled bt_bb_size_normal bt_bb_shape_square bt_bb_target_self bt_bb_text_empty bt_bb_align_inherit bt_bb_vertical_position_half_above\" style=\"; --primary-color:#ffffff; --secondary-color:#f49742;\" data-bt-override-class=\"{}\"><span  data-ico-amwerk=\"&#xe9c5;\" class=\"bt_bb_icon_holder\"><\/span><\/div><div class=\"bt_bb_separator bt_bb_border_style_none bt_bb_bottom_spacing_35\" data-bt-override-class=\"null\"><\/div><header class=\"bt_bb_headline bt_bb_dash_none bt_bb_subheadline bt_bb_size_small bt_bb_align_inherit\" style=\"margin-left: 30px;\" data-bt-override-class=\"null\"><h4><span class=\"bt_bb_headline_content\"><span>Ll\u00e1manos<\/span><\/span><\/h4><div class=\"bt_bb_headline_subheadline\">Tel\u00e9fono: 809-530-1006<br \/>\r\n<\/div><\/header><div class=\"bt_bb_separator bt_bb_border_style_none bt_bb_bottom_spacing_35\" data-bt-override-class=\"null\"><\/div><\/div><\/div><\/div><\/div><\/div><\/div><!-- cell_inner --><\/div><!-- cell --><\/div><!-- port --><\/section><section id=\"bt_bb_section69dc2be063884\" class=\"bt_bb_section bt_bb_layout_boxed_1200 bt_bb_vertical_align_top bt_bb_top_spacing_100 bt_bb_bottom_spacing_100\"  data-bt-override-class=\"null\"><div class=\"bt_bb_port\"><div class=\"bt_bb_cell\"><div class=\"bt_bb_cell_inner\"><div class=\"bt_bb_row_wrapper\"><div  class=\"bt_bb_row\"  data-bt-override-class=\"{}\"><div  class=\"bt_bb_column col-xxl-6 col-xl-6 bt_bb_vertical_align_top bt_bb_align_left bt_bb_padding_40 bt_bb_animation_fade_in bt_bb_animation_zoom_out animate\"  data-width=\"6\" data-bt-override-class=\"{}\"><div class=\"bt_bb_column_content\" style=\"background-color:rgba(241, 241, 241, 1);\"><div class=\"bt_bb_column_content_inner\"><div class=\"bt_bb_image btImgContentHalfWidth bt_bb_shape_square bt_bb_align_inherit bt_bb_hover_style_simple bt_bb_content_display_always bt_bb_content_align_middle bt_bb_remove_padding_40 bt_bb_fill_background_color_full bt_bb_content_exists\" style=\"margin-left: -40px;margin-right: -40px;\" data-bt-override-class=\"null\"><span><img src = \"https:\/\/industriasclaudette.com\/wp-content\/plugins\/bold-page-builder\/img\/blank.gif\" data-full_image_src=\"https:\/\/industriasclaudette.com\/wp-content\/uploads\/2024\/05\/3-min.png\" data-image_src=\"https:\/\/industriasclaudette.com\/wp-content\/uploads\/2024\/05\/3-min-1280x854.png\" title=\"3-min\" alt=\"https:\/\/industriasclaudette.com\/wp-content\/uploads\/2024\/05\/3-min-1280x854.png\" class=\"btLazyLoadImage\"><\/span><div class=\"bt_bb_image_content\" style=\"--bgcolor: rgba(0, 160, 221, 0.9);background-color: rgba(0, 160, 221, 0.9);\"><div class=\"bt_bb_image_content_flex\"><div class=\"bt_bb_image_content_inner\"><div  class=\"bt_bb_text btDarkQuoteIcon\" style=\"color: #FFF;\"><blockquote>\n<p>Las operaciones cubren todo el territorio nacional. Actualmente extendiendo las actividades comerciales a Centroam\u00e9rica y el Caribe.<\/p>\n<\/blockquote>\n<\/div><\/div><\/div><\/div><\/div><div class=\"bt_bb_separator bt_bb_border_style_none bt_bb_bottom_spacing_40\" data-bt-override-class=\"null\"><\/div><div class=\"bt_bb_contact_form_7\">\n<div class=\"wpcf7 no-js\" id=\"wpcf7-f1194-o1\" lang=\"en-US\" dir=\"ltr\">\n<div class=\"screen-reader-response\"><p role=\"status\" aria-live=\"polite\" aria-atomic=\"true\"><\/p> <ul><\/ul><\/div>\n<form action=\"\/es\/wp-json\/wp\/v2\/pages\/2735#wpcf7-f1194-o1\" method=\"post\" class=\"wpcf7-form init\" aria-label=\"Contact form\" novalidate=\"novalidate\" data-status=\"init\" data-trp-original-action=\"\/es\/wp-json\/wp\/v2\/pages\/2735#wpcf7-f1194-o1\">\n<div style=\"display: none;\">\n<input type=\"hidden\" name=\"_wpcf7\" value=\"1194\" \/>\n<input type=\"hidden\" name=\"_wpcf7_version\" value=\"5.9.3\" \/>\n<input type=\"hidden\" name=\"_wpcf7_locale\" value=\"en_US\" \/>\n<input type=\"hidden\" name=\"_wpcf7_unit_tag\" value=\"wpcf7-f1194-o1\" \/>\n<input type=\"hidden\" name=\"_wpcf7_container_post\" value=\"0\" \/>\n<input type=\"hidden\" name=\"_wpcf7_posted_data_hash\" value=\"\" \/>\n<\/div>\n<div class=\"bt_bb_cf7_form bt_bb_cf7_twocol_form\">\n\t<div class=\"bt_bb_cf7_row\">\n\t\t<div class=\"bt_bb_cf7_element bt_bb_cf7_element_required\">\n\t\t\t<p><span class=\"wpcf7-form-control-wrap\" data-name=\"your-name\"><input size=\"40\" class=\"wpcf7-form-control wpcf7-text wpcf7-validates-as-required\" aria-required=\"true\" aria-invalid=\"false\" placeholder=\"Tu nombre\" value=\"\" type=\"text\" name=\"your-name\" \/><\/span>\n\t\t\t<\/p>\n\t\t<\/div>\n\t\t<div class=\"bt_bb_cf7_element bt_bb_cf7_element_required\">\n\t\t\t<p><span class=\"wpcf7-form-control-wrap\" data-name=\"your-email\"><input size=\"40\" class=\"wpcf7-form-control wpcf7-email wpcf7-validates-as-required wpcf7-text wpcf7-validates-as-email\" aria-required=\"true\" aria-invalid=\"false\" placeholder=\"Email\" value=\"\" type=\"email\" name=\"your-email\" \/><\/span>\n\t\t\t<\/p>\n\t\t<\/div>\n\t<\/div>\n\t<div class=\"bt_bb_cf7_row\">\n\t\t<div class=\"bt_bb_cf7_element\">\n\t\t\t<p><span class=\"wpcf7-form-control-wrap\" data-name=\"your-tel\"><input size=\"40\" class=\"wpcf7-form-control wpcf7-tel wpcf7-text wpcf7-validates-as-tel\" aria-invalid=\"false\" placeholder=\"Tel\u00e9fono\" value=\"\" type=\"tel\" name=\"your-tel\" \/><\/span>\n\t\t\t<\/p>\n\t\t<\/div>\n\t<\/div>\n\t<div class=\"bt_bb_cf7_row\">\n\t\t<div class=\"bt_bb_cf7_element bt_bb_cf7_element_required\">\n\t\t\t<p><span class=\"wpcf7-form-control-wrap\" data-name=\"your-message\"><textarea cols=\"40\" rows=\"4\" class=\"wpcf7-form-control wpcf7-textarea wpcf7-validates-as-required\" aria-required=\"true\" aria-invalid=\"false\" placeholder=\"Escribir mensaje\" name=\"your-message\"><\/textarea><\/span>\n\t\t\t<\/p>\n\t\t<\/div>\n\t<\/div>\n\t<div class=\"bt_bb_cf7_button bt_bb_cf7_button_larger\">\n\t\t<p><input class=\"wpcf7-form-control wpcf7-submit has-spinner\" type=\"submit\" value=\"Enviar\" \/>\n\t\t<\/p>\n\t<\/div>\n<\/div><p style=\"display: none !important;\" class=\"akismet-fields-container\" data-prefix=\"_wpcf7_ak_\"><label>&#916;<textarea name=\"_wpcf7_ak_hp_textarea\" cols=\"45\" rows=\"8\" maxlength=\"100\"><\/textarea><\/label><input type=\"hidden\" id=\"ak_js_1\" name=\"_wpcf7_ak_js\" value=\"109\"\/><script>document.getElementById( \"ak_js_1\" ).setAttribute( \"value\", ( new Date() ).getTime() );<\/script><\/p><div class=\"wpcf7-response-output\" aria-hidden=\"true\"><\/div>\n<input type=\"hidden\" name=\"trp-form-language\" value=\"es\"\/><\/form>\n<\/div>\n<\/div><div class=\"bt_bb_separator bt_bb_border_style_none bt_bb_bottom_spacing_60\" data-bt-override-class=\"null\"><\/div><\/div><\/div><\/div><div  class=\"bt_bb_column col-xxl-6 col-xl-6 bt_bb_vertical_align_middle bt_bb_align_left bt_bb_padding_60 bt_bb_animation_fade_in bt_bb_animation_zoom_out animate\"  data-width=\"6\" data-bt-override-class=\"{}\"><div class=\"bt_bb_column_content\"><div class=\"bt_bb_column_content_inner\"><div class=\"bt_bb_separator bt_bb_border_style_none bt_bb_bottom_spacing_60\" data-bt-override-class=\"null\"><\/div><header class=\"bt_bb_headline bt_bb_color_scheme_8 bt_bb_dash_top bt_bb_superheadline bt_bb_subheadline bt_bb_size_large bt_bb_align_inherit\" style=\"; --headline-primary-color:#0454a4; --headline-secondary-color:#ffffff;\" data-bt-override-class=\"null\"><div class=\"bt_bb_headline_superheadline_outside\"><span class=\"bt_bb_headline_superheadline\"><span>Comun\u00edcate con Nosotros<\/span><\/span><\/div><h3><span class=\"bt_bb_headline_content\"><span>\u00bfC\u00f3mo podemos ayudarte?<span class=\"bt_bb_outline_text bt_bb_outline_text_align_left bt_bb_outline_text_size_300\"><span>Contacto<\/span><\/span><\/span><\/span><\/h3><div class=\"bt_bb_headline_subheadline\">L\u00ednea de productos abarca especialmente las \u00e1reas de mantenimiento de piscinas, limpieza y mantenimiento industrial, dom\u00e9stico y hotelero, industria gr\u00e1fica y materias primas para la industria en general. <\/div><\/header><div class=\"bt_bb_separator bt_bb_border_style_none bt_bb_bottom_spacing_10\" data-bt-override-class=\"{&quot;bt_bb_bottom_spacing_&quot;:{&quot;current_class&quot;:&quot;bt_bb_bottom_spacing_10&quot;,&quot;xxl&quot;:&quot;10&quot;}}\"><\/div><div class=\"bt_bb_row_wrapper\"><div  class=\"bt_bb_row_inner\"  data-bt-override-class=\"{}\"><div  class=\"bt_bb_column_inner col-xxl-12 col-xl-12 col-xs-12 col-sm-12 col-md-12 col-lg-12 bt_bb_vertical_align_top bt_bb_align_left bt_bb_padding_normal\"  data-width=\"12\" data-bt-override-class=\"{}\"><div class=\"bt_bb_column_inner_content\"><header data-bb-version=\"4.9.1\" class=\"bt_bb_headline bt_bb_color_scheme_8 bt_bb_dash_none bt_bb_size_normal bt_bb_align_inherit\" style=\"; --headline-primary-color:#0454a4; --headline-secondary-color:#ffffff;\" data-bt-override-class=\"{&quot;bt_bb_size_&quot;:{&quot;current_class&quot;:&quot;bt_bb_size_normal&quot;,&quot;xxl&quot;:&quot;normal&quot;},&quot;bt_bb_align_&quot;:{&quot;current_class&quot;:&quot;bt_bb_align_inherit&quot;,&quot;xxl&quot;:&quot;inherit&quot;}}\"><h1><span class=\"bt_bb_headline_content\"><span>Horario<\/span><\/span><\/h1><\/header><div data-bb-version=\"4.9.1\" class=\"bt_bb_separator bt_bb_border_style_none bt_bb_top_spacing_10 bt_bb_bottom_spacing_none\" data-bt-override-class=\"{&quot;bt_bb_top_spacing_&quot;:{&quot;current_class&quot;:&quot;bt_bb_top_spacing_10&quot;,&quot;xxl&quot;:&quot;10&quot;},&quot;bt_bb_bottom_spacing_&quot;:{&quot;current_class&quot;:&quot;bt_bb_bottom_spacing_none&quot;,&quot;xxl&quot;:&quot;none&quot;}}\"><\/div><div data-bb-version=\"4.9.1\" class=\"btWorkingHours bt_bb_working_hours bt_bb_size_small bt_bb_color_scheme_2\"  style=\"; --working-hours-primary-color:#000000; --working-hours-secondary-color:#ffffff;\"><div class=\"btWorkingHoursInner\"><div class=\"bt_bb_working_hours_inner_row\"><div class=\"bt_bb_working_hours_inner_wrapper\"><div class=\"bt_bb_working_hours_inner_title\">LUNES:\r<\/div><\/div><\/div><div class=\"bt_bb_working_hours_inner_row\"><div class=\"bt_bb_working_hours_inner_wrapper\"><div class=\"bt_bb_working_hours_inner_title\">8:00am - 5:30pm<\/div><\/div><\/div><div class=\"bt_bb_working_hours_inner_row\"><div class=\"bt_bb_working_hours_inner_wrapper\"><div class=\"bt_bb_working_hours_inner_title\">MARTES:\r<\/div><\/div><\/div><div class=\"bt_bb_working_hours_inner_row\"><div class=\"bt_bb_working_hours_inner_wrapper\"><div class=\"bt_bb_working_hours_inner_title\">8:00am - 5:30pm<\/div><\/div><\/div><div class=\"bt_bb_working_hours_inner_row\"><div class=\"bt_bb_working_hours_inner_wrapper\"><div class=\"bt_bb_working_hours_inner_title\">MI\u00c9RCOLES:\r<\/div><\/div><\/div><div class=\"bt_bb_working_hours_inner_row\"><div class=\"bt_bb_working_hours_inner_wrapper\"><div class=\"bt_bb_working_hours_inner_title\">8:00am - 5:30pm\r<\/div><\/div><\/div><div class=\"bt_bb_working_hours_inner_row\"><div class=\"bt_bb_working_hours_inner_wrapper\"><div class=\"bt_bb_working_hours_inner_title\">JUEVES:\r<\/div><\/div><\/div><div class=\"bt_bb_working_hours_inner_row\"><div class=\"bt_bb_working_hours_inner_wrapper\"><div class=\"bt_bb_working_hours_inner_title\">8:00am - 5:30pm\r<\/div><\/div><\/div><div class=\"bt_bb_working_hours_inner_row\"><div class=\"bt_bb_working_hours_inner_wrapper\"><div class=\"bt_bb_working_hours_inner_title\">VIERNES:\r<\/div><\/div><\/div><div class=\"bt_bb_working_hours_inner_row\"><div class=\"bt_bb_working_hours_inner_wrapper\"><div class=\"bt_bb_working_hours_inner_title\">8:00am - 5:30pm\r<\/div><\/div><\/div><div class=\"bt_bb_working_hours_inner_row\"><div class=\"bt_bb_working_hours_inner_wrapper\"><div class=\"bt_bb_working_hours_inner_title\">S\u00c1BADO:\r<\/div><\/div><\/div><div class=\"bt_bb_working_hours_inner_row\"><div class=\"bt_bb_working_hours_inner_wrapper\"><div class=\"bt_bb_working_hours_inner_title\">9:00am - 12:00pm\r<\/div><\/div><\/div><div class=\"bt_bb_working_hours_inner_row\"><div class=\"bt_bb_working_hours_inner_wrapper\"><div class=\"bt_bb_working_hours_inner_title\">DOMINGO:\r<\/div><\/div><\/div><div class=\"bt_bb_working_hours_inner_row\"><div class=\"bt_bb_working_hours_inner_wrapper\"><div class=\"bt_bb_working_hours_inner_title\">Cerrado<\/div><\/div><\/div><\/div><\/div><\/div><\/div><\/div><\/div><\/div><\/div><\/div><\/div><\/div><\/div><!-- cell_inner --><\/div><!-- cell --><\/div><!-- port --><\/section>","protected":false},"excerpt":{"rendered":"<p>Interactively procrastinate high-payoff content without backward-compatible data. Quickly cultivate optimal processes and tactical architectures. Completely iterate covalent strategic theme areas via accurate e-markets.<\/p>","protected":false},"author":1,"featured_media":624,"parent":0,"menu_order":0,"comment_status":"closed","ping_status":"closed","template":"","meta":{"footnotes":""},"class_list":["post-2735","page","type-page","status-publish","has-post-thumbnail","hentry"],"_links":{"self":[{"href":"https:\/\/industriasclaudette.com\/es\/wp-json\/wp\/v2\/pages\/2735"}],"collection":[{"href":"https:\/\/industriasclaudette.com\/es\/wp-json\/wp\/v2\/pages"}],"about":[{"href":"https:\/\/industriasclaudette.com\/es\/wp-json\/wp\/v2\/types\/page"}],"author":[{"embeddable":true,"href":"https:\/\/industriasclaudette.com\/es\/wp-json\/wp\/v2\/users\/1"}],"replies":[{"embeddable":true,"href":"https:\/\/industriasclaudette.com\/es\/wp-json\/wp\/v2\/comments?post=2735"}],"version-history":[{"count":12,"href":"https:\/\/industriasclaudette.com\/es\/wp-json\/wp\/v2\/pages\/2735\/revisions"}],"predecessor-version":[{"id":2881,"href":"https:\/\/industriasclaudette.com\/es\/wp-json\/wp\/v2\/pages\/2735\/revisions\/2881"}],"wp:featuredmedia":[{"embeddable":true,"href":"https:\/\/industriasclaudette.com\/es\/wp-json\/wp\/v2\/media\/624"}],"wp:attachment":[{"href":"https:\/\/industriasclaudette.com\/es\/wp-json\/wp\/v2\/media?parent=2735"}],"curies":[{"name":"wp","href":"https:\/\/api.w.org\/{rel}","templated":true}]}}